{"id":1087,"date":"2022-07-14T15:59:32","date_gmt":"2022-07-14T15:59:32","guid":{"rendered":"https:\/\/venusbottega.com\/?page_id=1087"},"modified":"2022-10-31T15:22:36","modified_gmt":"2022-10-31T15:22:36","slug":"shipping-policy","status":"publish","type":"page","link":"https:\/\/venusbottega.com\/en\/shipping-policy\/","title":{"rendered":"Shipping Policy"},"content":{"rendered":"<div class=\"shopify-policy__title\">\n<h1>Shipping policy<\/h1>\n<\/div>\n<div class=\"shopify-policy__body\">\n<div class=\"rte\">\n<h1>Costi di spedizione<\/h1>\n<p>Venusbottega accetta ordini provenienti da Clienti residenti sul territorio italiano. I tempi di evasione della merce variano per ogni prodotto e sono indicati all&#8217;interno della scheda articolo e dipendono dalla disponibilit\u00e0 del prodotto. I giorni indicati sono da considerarsi sempre &#8220;lavorativi&#8221; pertanto sabato, domenica e festivi esclusi e calcolati dal giorno successivo all&#8217;invio dell&#8217;ordine. <br \/>Gli stessi decorrono dalla ricezione del pagamento.<br \/>Tali tempistiche, in alcuni casi, possono essere soggette a ritardo senza alcuna responsabilit\u00e0 da parte di Venusbottega.<br \/>Con riferimento alla disponibilit\u00e0 del prodotto, le date pubblicate riflettono con accuratezza le indicazioni fornite aVenusbottega dai fornitori e dalle case di produzione. In caso di variazione di tali date, Venusbottega informer\u00e0 il Cliente con un messaggio di posta elettronica o una telefonata ed il Cliente potr\u00e0 alternativamente accettare il nuovo termine, un prodotto sostitutivo oppure disdire l&#8217;ordine ed ottenere (nel caso abbia gi\u00e0 provveduto al pagamento) la restituzione dell&#8217;importo senza ulteriori oneri a carico di Venusbottega .<br \/>Con riferimento alle spedizioni, ai tempi di consegna ed ai relativi costi si riportano qui di seguito le principali condizioni:<\/p>\n<h2>1.Tempi di consegna<\/h2>\n<p>I prodotti acquistati saranno consegnati da Venusbottega all&#8217;indirizzo indicato dal Cliente esclusivamente tramite i migliori corrieri espressi: GLS. Normalmente le consegne vengono effettuate dal corriere dalle ore 9.00 alle 19.30, di tutti i giorni, non festivi, dal luned\u00ec al venerd\u00ec nei tempi seguenti: Principali capoluoghi di provincia: 24\/48 ore Localit\u00e0 disagiate o remote: 48\/72 ore Sicilia, Sardegna, Calabria: 48\/72 ore Isole minori: 48\/96 ore I tempi di consegna sono riferiti alla tempistica necessaria al corriere per consegnare i prodotti al cliente e non ai tempi necessari a venusbottega per la preparazione e l&#8217;imballaggio dell&#8217;ordine.<br \/>Le consegne possono subire variazioni per cause di forza maggiore o a causa delle condizioni del traffico e della viabilit\u00e0 in genere o per atto delle Autorit\u00e0.<br \/>Altri ritardi da parte dei corrieri potrebbero verificarsi durante periodi di sovraccarico quali le feste natalizie. In caso di assenza del destinatario, il corriere lascer\u00e0 un avviso di &#8220;mancata consegna&#8221; nel quale \u00e8 contenuto un numero telefonico da chiamare per concordare una nuova consegna. <br \/>Se anche il secondo tentativo di consegna andasse a vuoto causa assenza, il pacco verr\u00e0 portato nella filiale di zona del corriere ed entro 3 giorni bisogner\u00e0 recarsi personalmente a ritirare la merce senza alcun sovrapprezzo. <br \/>Dopo tale termine il corriere potr\u00e0 applicare a carico del cliente ulteriori costi per l&#8217;apertura della pratica di giacenza e una tariffa per ogni giorno di ritardo. <br \/>Trascorsi 5 giorni il pacco verr\u00e0 restituito al mittente. <br \/>Il servizio non prevede la consegna su appuntamento ne \u00e8 possibile fissarne l&#8217;orario. Si pu\u00f2 indicare tra le note dell&#8217;ordine un lasso di tempo sufficientemente ampio per permettere al corriere, qualora possibile, di soddisfare la richiesta. <br \/>E&#8217; possibile indicare pertanto richieste di consegna come &#8220;mattino&#8221; o &#8220;pomeriggio&#8221;, ma non possono essere accettate richieste tipo: &#8220;consegnare dalle ore 10 alle 11&#8221;. In ogni caso, le richieste preferenziali di consegna non sono vincolanti per il corriere e per Venusbottega.<br \/>E&#8217; altres\u00ec possibile utilizzare il servizio di &#8220;fermo deposito&#8221; fornito gratuitamente indicandolo tra le note dell&#8217;ordine.<br \/>In questo caso, la merce dovr\u00e0 essere ritirata presso una delle filiali del corriere delle quali provvederemo a fornire l&#8217;indirizzo.<\/p>\n<h2>2.Tracciamento della spedizione<\/h2>\n<p>Dopo la spedizione dell\u2019ordine il cliente ricever\u00e0 via mail il numero di tracciamento, che potr\u00e0 essere utilizzato per controllare lo stato di spedizione. Si ricorda che il corriere pu\u00f2 rendere attivo il servizio di tracking nell&#8217;arco delle successive 24 ore dalla spedizione del pacco.<\/p>\n<h2>3.Costi di spedizione<\/h2>\n<p>Il costo del trasporto \u00e8 gratuito,\u00a0comprende la preparazione del pacco, l&#8217;imballo e l&#8217;assicurazione.<\/p>\n<\/div>\n<\/div>","protected":false},"excerpt":{"rendered":"","protected":false},"author":1,"featured_media":0,"parent":0,"menu_order":0,"comment_status":"closed","ping_status":"open","template":"","meta":{"footnotes":""},"class_list":["post-1087","page","type-page","status-publish","hentry"],"_links":{"self":[{"href":"https:\/\/venusbottega.com\/en\/wp-json\/wp\/v2\/pages\/1087"}],"collection":[{"href":"https:\/\/venusbottega.com\/en\/wp-json\/wp\/v2\/pages"}],"about":[{"href":"https:\/\/venusbottega.com\/en\/wp-json\/wp\/v2\/types\/page"}],"author":[{"embeddable":true,"href":"https:\/\/venusbottega.com\/en\/wp-json\/wp\/v2\/users\/1"}],"replies":[{"embeddable":true,"href":"https:\/\/venusbottega.com\/en\/wp-json\/wp\/v2\/comments?post=1087"}],"version-history":[{"count":3,"href":"https:\/\/venusbottega.com\/en\/wp-json\/wp\/v2\/pages\/1087\/revisions"}],"predecessor-version":[{"id":1380,"href":"https:\/\/venusbottega.com\/en\/wp-json\/wp\/v2\/pages\/1087\/revisions\/1380"}],"wp:attachment":[{"href":"https:\/\/venusbottega.com\/en\/wp-json\/wp\/v2\/media?parent=1087"}],"curies":[{"name":"wp","href":"https:\/\/api.w.org\/{rel}","templated":true}]}}