{"id":1110,"date":"2022-07-14T16:33:25","date_gmt":"2022-07-14T16:33:25","guid":{"rendered":"https:\/\/venusbottega.com\/?page_id=1110"},"modified":"2022-07-14T16:34:22","modified_gmt":"2022-07-14T16:34:22","slug":"legal-notice","status":"publish","type":"page","link":"https:\/\/venusbottega.com\/en\/legal-notice\/","title":{"rendered":"Legal Notice"},"content":{"rendered":"<div class=\"shopify-policy__title\">\n<h1>Legal notice<\/h1>\n<\/div>\n<div class=\"shopify-policy__body\">\n<div class=\"rte\">\n<h1>1. OGGETTO<\/h1>\n<p class=\"bottom-indent\">1.1. Le presenti Condizioni Generali di Vendita on line (di seguito &#8220;CGV&#8221;) disciplinano il contratto (di seguito &#8220;CONTRATTO&#8221;) per la vendita dei prodotti di calzature contraddistinti esclusivamente dal marchio CRISTIANZEROTRE (di seguito &#8220;PRODOTTI&#8221;) offerti da Cristianzerotre di Gessica Vitelli &#8211; con sede in via Michelangelo 155, Aversa 81031, (CE), P.IVA 08741911211 (di seguito \u201cCRISTIANZEROTRE\u201d) &#8211; tramite il proprio sito Internet www.cristianzerotre.com (di seguito &#8220;SITO&#8221;) agli utenti del SITO (di seguito &#8220;CLIENTE&#8221; o &#8220;CLIENTI&#8221;).<\/p>\n<p class=\"bottom-indent\">1.2. Nelle presenti CGV con il termine CLIENTE o CLIENTI si intende il &#8220;consumatore&#8221; o i &#8220;consumatori&#8221; come ai sensi dell&#8217;articolo 3, co. 1, lett. a), del D. Lgs. 6 settembre 2005, n. 206 (di seguito &#8220;CODICE&#8221;), ossia &#8220;la persona fisica che agisce per scopi estranei all&#8217;attivit\u2021 imprenditoriale o professionale eventualmente svolta&#8221;.<\/p>\n<h3 class=\"page-subheading\">2. EFFICACIA E MODIFICA DELLE CGV<\/h3>\n<p class=\"bottom-indent\">2.1. Le CGV sono disponibili sul SITO per essere agevolmente lette dal CLIENTE prima della registrazione e prima di effettuare l&#8217;acquisto dei PRODOTTI; si intendono accettate unitamente alla registrazione e all&#8217;inoltro del modulo d&#8217;ordine d&#8217;acquisto, e possono essere memorizzate sul computer del CLIENTE e riproducibili su supporto cartaceo tramite stampa del file in cui sono contenute.<\/p>\n<p class=\"bottom-indent\">2.2. Le CGV applicabili alla vendita dei PRODOTTI sono quelle pubblicate sul SITO, alla data dell&#8217;ordine relativo ai PRODOTTI. Il CLIENTE, pertanto, dovr\u00e0 prendere visione delle CGV, ogni volta che intenda procedere ad un acquisto sul SITO.<\/p>\n<p class=\"bottom-indent\">2.3. La mera tolleranza o la mancata contestazione da parte di CRISTIANZEROTRE di eventuali inadempimenti del CLIENTE rispetto a quanto contenuto nelle CGV non potr\u00e0 essere interpretata come tacita accettazione di tali inadempimenti, n\u00c8 come volont\u00e0 di derogare a quanto convenuto tra le parti.<\/p>\n<h3 class=\"page-subheading\">3. REGISTRAZIONE E PROCEDURA DI ACQUISTO<\/h3>\n<p class=\"bottom-indent\">3.1. Il CLIENTE che intenda procedere all&#8217;acquisto dei PRODOTTI deve manifestare tale volont\u00e0 attraverso la registrazione dei propri dati e una richiesta effettuata direttamente sul SITO ove, seguendo la procedura di acquisto ivi indicata, effettuer\u00e0 l&#8217;inoltro, per via telematica, del proprio ordine elettronico d&#8217;acquisto (di seguito l&#8217;ORDINE) e il relativo pagamento.<\/p>\n<p class=\"bottom-indent\">3.2. Nel modulo d&#8217;ordine \u00e8 contenuto un rinvio alle CGV ed un riepilogo delle informazioni sulle caratteristiche essenziali di ciascun prodotto ordinato ed il relativo prezzo, espresso in Euro, (comprensivo di tutte le tasse e imposte applicabili), del mezzo di pagamento prescelto, delle modalit\u00e0 di consegna dei prodotti acquistati, delle spese di spedizione e consegna nonch\u00e8 di quelle relative al mezzo di pagamento prescelto: il CLIENTE prima di inviare l&#8217;ORDINE dovr\u00e0 leggerne attentamente l&#8217;intero contenuto, individuare e correggere eventuali errori di inserimento dei dati.<\/p>\n<p class=\"bottom-indent\">3.3. Il CLIENTE potr\u00e0 accedere al suo modulo d&#8217;ordine, consultando la sezione \u201cACCOUNT\u201d e nel caso in cui volesse procedere alla cancellazione dell&#8217;ORDINE o alla modifica dell&#8217;ORDINE aumentando, diminuendo le quantit\u00e0 dei PRODOTTI precedentemente ordinati, oppure semplicemente modificando, inserendo nuovi articoli in aggiunta o in sostituzione dei PRODOTTI medesimi, dovr\u00e0 necessariamente inviare una e-mail all&#8217;indirizzo\u00a0info@cristianzerotre.com\u00a0purch\u00e8 la relativa spedizione non sia stata gi\u00e0 confermata da CRISTIANZEROTRE con e-mail di conferma evasione (di seguito CONFERMA EVASIONE) di cui al successivo articolo 3.5<\/p>\n<p class=\"bottom-indent\">3.4. Una volta ricevuto l&#8217;ORDINE, CRISTIANZEROTRE trasmetter\u00e0 al CLIENTE una e-mail di conferma dell&#8217;ordine (di seguito CONFERMA D&#8217;ORDINE), contenente un riepilogo del contenuto delle informazioni relative alla vendita, e proceder\u00e0 all&#8217;evasione dell&#8217;ORDINE, fatto salvo quanto previsto al successivo articolo 3.6.<\/p>\n<p class=\"bottom-indent\">3.5. Il CONTRATTO tra il CLIENTE e CRISTIANZEROTRE \u00e8 regolato dall&#8217;ORDINE, dalla CONFERMA EVASIONE e dalle CGV (quest&#8217;ultime pubblicate sul SITO), nonch\u00e8 dalla Privacy Policy e dall&#8217;Informativa E-commerce (di seguito cumulativamente PRIVACY) entrambe pubblicate sul SITO.<\/p>\n<h3 class=\"page-subheading\">4. REGISTRAZIONE E PROCEDURA DI ACQUISTO<\/h3>\n<p>4.1. CRISTIANZEROTRE, si impegna a consegnare i PRODOTTI presso l&#8217;indirizzo e nei termini, indicati dal CLIENTE nell&#8217;ORDINE. CRISTIANZEROTRE non sar\u00e0 responsabile per errori di consegna dovuti a inesattezze o incompletezze nella compilazione dell&#8217;ORDINE o per irreperibilit\u00e0 del CLIENTE stesso. La consegna viene effettuata tramite corriere espresso, pertanto non possono essere accettate le caselle postali.<\/p>\n<p>4.2. In caso di restituzione, totale o parziale, dei PRODOTTI in forza del diritto di recesso o della garanzia dovuta per legge, CRISTIANZEROTRE, conformemente a quanto predisposto ai successivi articoli 10 e 11, provveder\u00e0 al solo rimborso delle somme dovute, non essendo previsti n\u00e8 cambi n\u00e8 sostituzioni.<\/p>\n<h3 class=\"page-subheading\">5. DIRITTI E OBBLIGHI DEL CLIENTE<\/h3>\n<p>5.1. Il CLIENTE \u00e8 l&#8217;unico responsabile della veridicit\u00e0 dei dati e della correttezza delle informazioni fornite a CRISTIANZEROTRE in fase di registrazione tramite il SITO e si impegna a comunicare tempestivamente eventuali variazioni dei dati inseriti.<\/p>\n<p>5.2. Il CLIENTE, in fase di registrazione e di invio dell&#8217;ORDINE, dichiara di aver letto, compreso e accettato le CGV e le ulteriori informazioni contenute nel SITO compresa la PRIVACY; di essere una persona maggiorenne, in possesso della capacit\u00e0 giuridica di agire.<\/p>\n<p>5.3. Il CLIENTE si impegna, una volta terminata la procedura di acquisto sul SITO, a provvedere sia al salvataggio di una copia elettronica che alla stampa dell&#8217;ORDINE e delle CGV ai fini della loro conservazione, come indicato al precedente articolo 2.1.<\/p>\n<h3 class=\"page-subheading\">6. UTILIZZO DEL SITO<\/h3>\n<p>6.1. Le caratteristiche essenziali dei PRODOTTI sono presentate sul SITO all&#8217;interno di ciascuna scheda prodotto. Le immagini ed i colori dei prodotti offerti in vendita sul SITO potrebbero non essere corrispondenti perfettamente a quelli reali per effetto del browser Internet e del monitor utilizzato al momento della connessione al SITO.<\/p>\n<p>6.2. CRISTIANZEROTRE non assume alcuna responsabilit\u00e0 in merito ai problemi causati al CLIENTE dall&#8217;utilizzo del SITO e delle tecnologie impiegate in quanto non dipendenti da propria volont\u00e0, quali, a titolo esemplificativo:<\/p>\n<p>a) errori, ritardi o impossibilit\u00e0 nell&#8217;accesso al SITO da parte del CLIENTE in occasione dell&#8217;esecuzione della procedura di vendita;<\/p>\n<p>b) errori, ritardi o impossibilit\u00e0 nella ricezione, da parte del CLIENTE, delle comunicazioni effettuate da CRISTIANZEROTRE in relazione alla vendita dei PRODOTTI.<\/p>\n<p>6.3. In ogni caso, CRISTIANZEROTRE si impegna, per quanto nella propria possibilit\u00e0, a risolvere i problemi che possono verificarsi e offrire l&#8217;assistenza necessaria al CLIENTE per ottenere una soluzione rapida e soddisfacente ai suddetti problemi.<\/p>\n<h3 class=\"page-subheading\">7. CONSEGNA DEI PRODOTTI AL CLIENTE<\/h3>\n<p>7.1. Al momento della consegna dei PRODOTTI al CLIENTE da parte del vettore incaricato del loro trasporto, il CLIENTE dovr\u00e0 controllare che l&#8217;imballaggio utilizzato per il trasporto risulti integro, non danneggiato, bagnato o comunque alterato, anche solo nei materiali di chiusura. Eventuali anomalie devono essere contestate immediatamente al vettore al momento del ricevimento dei PRODOTTI, ritirando la merce con la procedura \u201criserva di controllo\u201d.<\/p>\n<p>7.2. Il CLIENTE al fine di agevolare e velocizzare la procedura di controllo di eventuali anomalie da parte di CRISTIANZEROTRE, per esempio anche relative alla quantit\u00e0 e alla tipologia dei PRODOTTI, potr\u00e0 scrivere una e-mail all&#8217;indirizzo venusbottega@gmail.com<\/p>\n<\/div>\n<\/div>","protected":false},"excerpt":{"rendered":"","protected":false},"author":1,"featured_media":0,"parent":0,"menu_order":0,"comment_status":"closed","ping_status":"closed","template":"","meta":{"footnotes":""},"class_list":["post-1110","page","type-page","status-publish","hentry"],"_links":{"self":[{"href":"https:\/\/venusbottega.com\/en\/wp-json\/wp\/v2\/pages\/1110"}],"collection":[{"href":"https:\/\/venusbottega.com\/en\/wp-json\/wp\/v2\/pages"}],"about":[{"href":"https:\/\/venusbottega.com\/en\/wp-json\/wp\/v2\/types\/page"}],"author":[{"embeddable":true,"href":"https:\/\/venusbottega.com\/en\/wp-json\/wp\/v2\/users\/1"}],"replies":[{"embeddable":true,"href":"https:\/\/venusbottega.com\/en\/wp-json\/wp\/v2\/comments?post=1110"}],"version-history":[{"count":2,"href":"https:\/\/venusbottega.com\/en\/wp-json\/wp\/v2\/pages\/1110\/revisions"}],"predecessor-version":[{"id":1112,"href":"https:\/\/venusbottega.com\/en\/wp-json\/wp\/v2\/pages\/1110\/revisions\/1112"}],"wp:attachment":[{"href":"https:\/\/venusbottega.com\/en\/wp-json\/wp\/v2\/media?parent=1110"}],"curies":[{"name":"wp","href":"https:\/\/api.w.org\/{rel}","templated":true}]}}